{"id":1638,"date":"2025-11-17T18:25:12","date_gmt":"2025-11-17T15:25:12","guid":{"rendered":"https:\/\/xkartvizitler.com\/dijital\/?post_type=product&#038;p=1638"},"modified":"2025-11-23T19:33:56","modified_gmt":"2025-11-23T16:33:56","slug":"nfc-dijital-kartvizit","status":"publish","type":"product","link":"https:\/\/xkartvizitler.com\/dijital\/urun\/nfc-dijital-kartvizit\/","title":{"rendered":"NFC Dijital Kartvizit"},"content":{"rendered":"<h3 data-start=\"506\" data-end=\"528\"><strong data-start=\"510\" data-end=\"528\">Sipari\u015f S\u00fcreci<\/strong><\/h3>\n<ul data-start=\"530\" data-end=\"891\">\n<li data-start=\"640\" data-end=\"715\">\n<p data-start=\"643\" data-end=\"715\">Tasar\u0131m\u0131n\u0131z haz\u0131rland\u0131\u011f\u0131nda, <strong data-start=\"672\" data-end=\"712\">WhatsApp \u00fczerinden onay\u0131n\u0131za sunulur<\/strong>.<\/p>\n<\/li>\n<li data-start=\"716\" data-end=\"766\">\n<p data-start=\"719\" data-end=\"766\">Onay verdikten sonra kart\u0131n\u0131z bask\u0131ya al\u0131n\u0131r.<\/p>\n<\/li>\n<li data-start=\"767\" data-end=\"828\">\n<p data-start=\"770\" data-end=\"828\"><strong data-start=\"770\" data-end=\"808\">Bask\u0131 s\u00fcrecine girmemi\u015f sipari\u015fler<\/strong> iptal edilebilir.<\/p>\n<\/li>\n<li data-start=\"829\" data-end=\"891\">\n<p data-start=\"832\" data-end=\"891\"><strong data-start=\"832\" data-end=\"891\">Bask\u0131ya giren sipari\u015flerde sorumluluk m\u00fc\u015fteriye aittir iptal edilemez.<\/strong><\/p>\n<\/li>\n<\/ul>\n","protected":false},"excerpt":{"rendered":"<p data-start=\"245\" data-end=\"262\">\u00dcr\u00fcn \u00f6zellikleri:<\/p>\n<ul>\n<li>10 Adet <strong>NFC Kartvizit fiyat\u0131d\u0131r<\/strong><\/li>\n<li data-start=\"265\" data-end=\"321\"><strong data-start=\"265\" data-end=\"292\">760 mikron kal\u0131nl\u0131\u011f\u0131nda<\/strong>, dayan\u0131kl\u0131 plastik malzeme<\/li>\n<li data-start=\"324\" data-end=\"358\"><strong data-start=\"324\" data-end=\"356\">Oval kesim plastik kartvizit<\/strong><\/li>\n<li data-start=\"438\" data-end=\"499\">Kart \u00fczerine <strong data-start=\"451\" data-end=\"481\">Ad \u2013 Soyad, Logo ve QR Kod<\/strong> bask\u0131s\u0131 yap\u0131l\u0131r<\/li>\n<\/ul>\n<p><iframe src=\"https:\/\/www.xkartvizitler.com\/crm\/forms\/quote\/ffe8fa571593124e4628535f3a14c5fa\" width=\"600\" height=\"500\" frameborder=\"0\" sandbox=\"allow-top-navigation allow-forms allow-scripts allow-same-origin allow-popups\" allowfullscreen=\"allowfullscreen\"><span data-mce-type=\"bookmark\" style=\"display: inline-block; width: 0px; overflow: hidden; line-height: 0;\" class=\"mce_SELRES_start\">\ufeff<\/span><\/iframe><\/p>\n","protected":false},"featured_media":1706,"comment_status":"open","ping_status":"closed","template":"","meta":{"inline_featured_image":false},"product_brand":[],"product_cat":[51],"product_tag":[],"class_list":{"0":"post-1638","1":"product","2":"type-product","3":"status-publish","4":"has-post-thumbnail","6":"product_cat-nfc","8":"first","9":"instock","10":"shipping-taxable","11":"purchasable","12":"product-type-simple"},"_links":{"self":[{"href":"https:\/\/xkartvizitler.com\/dijital\/wp-json\/wp\/v2\/product\/1638","targetHints":{"allow":["GET"]}}],"collection":[{"href":"https:\/\/xkartvizitler.com\/dijital\/wp-json\/wp\/v2\/product"}],"about":[{"href":"https:\/\/xkartvizitler.com\/dijital\/wp-json\/wp\/v2\/types\/product"}],"replies":[{"embeddable":true,"href":"https:\/\/xkartvizitler.com\/dijital\/wp-json\/wp\/v2\/comments?post=1638"}],"wp:featuredmedia":[{"embeddable":true,"href":"https:\/\/xkartvizitler.com\/dijital\/wp-json\/wp\/v2\/media\/1706"}],"wp:attachment":[{"href":"https:\/\/xkartvizitler.com\/dijital\/wp-json\/wp\/v2\/media?parent=1638"}],"wp:term":[{"taxonomy":"product_brand","embeddable":true,"href":"https:\/\/xkartvizitler.com\/dijital\/wp-json\/wp\/v2\/product_brand?post=1638"},{"taxonomy":"product_cat","embeddable":true,"href":"https:\/\/xkartvizitler.com\/dijital\/wp-json\/wp\/v2\/product_cat?post=1638"},{"taxonomy":"product_tag","embeddable":true,"href":"https:\/\/xkartvizitler.com\/dijital\/wp-json\/wp\/v2\/product_tag?post=1638"}],"curies":[{"name":"wp","href":"https:\/\/api.w.org\/{rel}","templated":true}]}}